{"id":13,"date":"2020-01-08T05:20:23","date_gmt":"2020-01-08T05:20:23","guid":{"rendered":"http:\/\/localhost\/wpallspiral\/businessdeal\/?page_id=13"},"modified":"2026-04-09T13:23:04","modified_gmt":"2026-04-09T11:23:04","slug":"about","status":"publish","type":"page","link":"https:\/\/itc-formation.org\/index.php\/about\/","title":{"rendered":"Apropos"},"content":{"rendered":"\t\t<div data-elementor-type=\"wp-page\" data-elementor-id=\"13\" class=\"elementor elementor-13\">\n\t\t\t\t<div class=\"elementor-element elementor-element-e4421b0 e-flex e-con-boxed e-con e-parent\" data-id=\"e4421b0\" data-element_type=\"container\" data-e-type=\"container\">\n\t\t\t\t\t<div class=\"e-con-inner\">\n\t\t\t\t<div class=\"elementor-element elementor-element-74a0b945 elementor-widget elementor-widget-text-editor\" data-id=\"74a0b945\" data-element_type=\"widget\" data-e-type=\"widget\" data-widget_type=\"text-editor.default\">\n\t\t\t\t\t\t\t\t\t<div class=\"itc-wrap\">\n<div class=\"itc-hero\">\n<div class=\"itc-hero-tag\">Organisation Non Gouvernementale \u2014 RDC<\/div>\n<div class=\"itc-hero-title\">International Training Center<\/div>\n<div class=\"itc-hero-sub\">Renforcement des capacit\u00e9s professionnelles, formation certifiante et d\u00e9veloppement communautaire en R\u00e9publique D\u00e9mocratique du Congo et \u00e0 l&rsquo;international.<\/div>\n<div class=\"itc-locs\"><span class=\"itc-pill\">Goma<\/span> <span class=\"itc-pill\">Kinshasa<\/span> <span class=\"itc-pill\">International<\/span><\/div>\n<\/div>\n<div class=\"itc-stat-row\">\n<div class=\"itc-stat\"><span class=\"itc-stat-val\">50+<\/span><span class=\"itc-stat-label\">Formations certifiantes<\/span><\/div>\n<div class=\"itc-stat\"><span class=\"itc-stat-val\">5<\/span><span class=\"itc-stat-label\">Secteurs d&rsquo;intervention<\/span><\/div>\n<div class=\"itc-stat\"><span class=\"itc-stat-val\">4<\/span><span class=\"itc-stat-label\">Domaines d&rsquo;activit\u00e9s<\/span><\/div>\n<div class=\"itc-stat\"><span class=\"itc-stat-val\">2<\/span><span class=\"itc-stat-label\">Si\u00e8ges en RDC<\/span><\/div>\n<\/div>\n<div class=\"itc-h2\">Notre mission<\/div>\n<div class=\"itc-mission\">Former, accompagner et transformer les talents \u00e0 travers des programmes de qualit\u00e9 et des interventions \u00e0 fort impact social \u2014 au service des jeunes, des professionnels, des institutions et des organisations.<\/div>\n<div class=\"itc-h2\">Nos valeurs<\/div>\n<div class=\"itc-values\"><span class=\"itc-chip\">Professionnalisme<\/span> <span class=\"itc-chip\">Innovation<\/span> <span class=\"itc-chip\">Int\u00e9grit\u00e9<\/span> <span class=\"itc-chip\">Excellence<\/span> <span class=\"itc-chip\">Impact social<\/span><\/div>\n<div class=\"itc-h2\">Secteurs d&rsquo;intervention<\/div>\n<div class=\"itc-sectors\">\n<div class=\"itc-sector\">\n<div class=\"itc-sector-name\">\u00c9ducation<\/div>\n<div class=\"itc-sector-items\">Renforcement des enseignants \u00b7 Formation des \u00e9tudiants \u00b7 Programmes innovants<\/div>\n<\/div>\n<div class=\"itc-sector\">\n<div class=\"itc-sector-name\">Nutrition<\/div>\n<div class=\"itc-sector-items\">Bonnes pratiques alimentaires \u00b7 Lutte contre la malnutrition \u00b7 Programmes communautaires<\/div>\n<\/div>\n<div class=\"itc-sector\">\n<div class=\"itc-sector-name\">S\u00e9curit\u00e9 alimentaire<\/div>\n<div class=\"itc-sector-items\">Agriculture durable \u00b7 R\u00e9silience des communaut\u00e9s \u00b7 Cha\u00eenes de valeur agricoles<\/div>\n<\/div>\n<div class=\"itc-sector\">\n<div class=\"itc-sector-name\">VBG<\/div>\n<div class=\"itc-sector-items\">Pr\u00e9vention \u00b7 Masculinit\u00e9 positive \u00b7 Appui aux survivants \u00b7 Droits des femmes<\/div>\n<\/div>\n<div class=\"itc-sector\">\n<div class=\"itc-sector-name\">Formation professionnelle<\/div>\n<div class=\"itc-sector-items\">Certifications \u00b7 Renforcement des capacit\u00e9s \u00b7 Insertion professionnelle<\/div>\n<\/div>\n<\/div>\n<div class=\"itc-h2\">Domaines d&rsquo;activit\u00e9s<\/div>\n<div class=\"itc-acts\">\n<div class=\"itc-act\">\n<div class=\"itc-act-title\">Formations professionnelles<\/div>\n<div class=\"itc-act-desc\">Plus de 50 formations certifiantes, sessions pratiques et interactives<\/div>\n<\/div>\n<div class=\"itc-act\">\n<div class=\"itc-act-title\">Consultance<\/div>\n<div class=\"itc-act-desc\">\u00c9tudes, recherches, suivi-\u00e9valuation MEAL, \u00e9laboration de projets<\/div>\n<\/div>\n<div class=\"itc-act\">\n<div class=\"itc-act-title\">Insertion professionnelle<\/div>\n<div class=\"itc-act-desc\">Coaching carri\u00e8re, employabilit\u00e9, orientation professionnelle<\/div>\n<\/div>\n<div class=\"itc-act\">\n<div class=\"itc-act-title\">Projets de d\u00e9veloppement<\/div>\n<div class=\"itc-act-desc\">Projets communautaires, appui aux ONG et institutions<\/div>\n<\/div>\n<\/div>\n\n<\/div>\n\n\t\t\t\t\t\t\t\t<\/div>\n\t\t\t\t\t<\/div>\n\t\t\t\t<\/div>\n\t\t\t\t<\/div>\n\t\t","protected":false},"excerpt":{"rendered":"<p>Organisation Non Gouvernementale \u2014 RDC International Training Center Renforcement des capacit\u00e9s professionnelles, formation certifiante et d\u00e9veloppement communautaire en R\u00e9publique D\u00e9mocratique du Congo et \u00e0 l&rsquo;international. &hellip; <span class=\"ml-btn\"><a href=\"https:\/\/itc-formation.org\/index.php\/about\/\" class=\"more-link\">Read More<\/a><\/span><\/p>\n","protected":false},"author":1,"featured_media":610,"parent":0,"menu_order":0,"comment_status":"closed","ping_status":"closed","template":"","meta":{"footnotes":""},"class_list":["post-13","page","type-page","status-publish","has-post-thumbnail","hentry"],"yoast_head":"<!-- This site is optimized with the Yoast SEO plugin v27.3 - https:\/\/yoast.com\/product\/yoast-seo-wordpress\/ -->\r\n<title>Apropos - itc-formation<\/title>\r\n<meta name=\"robots\" content=\"noindex, follow, max-snippet:-1, max-image-preview:large, max-video-preview:-1\" \/>\r\n<meta property=\"og:locale\" content=\"fr_FR\" \/>\r\n<meta property=\"og:type\" content=\"article\" \/>\r\n<meta property=\"og:title\" content=\"Apropos - itc-formation\" \/>\r\n<meta property=\"og:description\" content=\"Organisation Non Gouvernementale \u2014 RDC International Training Center Renforcement des capacit\u00e9s professionnelles, formation certifiante et d\u00e9veloppement communautaire en R\u00e9publique D\u00e9mocratique du Congo et \u00e0 l&rsquo;international. &hellip; Read More\" \/>\r\n<meta property=\"og:url\" content=\"https:\/\/itc-formation.org\/index.php\/about\/\" \/>\r\n<meta property=\"og:site_name\" content=\"itc-formation\" \/>\r\n<meta property=\"article:modified_time\" content=\"2026-04-09T11:23:04+00:00\" \/>\r\n<meta property=\"og:image\" content=\"https:\/\/itc-formation.org\/wp-content\/uploads\/2026\/04\/IMG_0782.JPG.jpeg\" \/>\r\n\t<meta property=\"og:image:width\" content=\"1440\" \/>\r\n\t<meta property=\"og:image:height\" content=\"960\" \/>\r\n\t<meta property=\"og:image:type\" content=\"image\/jpeg\" \/>\r\n<meta name=\"twitter:card\" content=\"summary_large_image\" \/>\r\n<meta name=\"twitter:label1\" content=\"Dur\u00e9e de lecture estim\u00e9e\" \/>\n\t<meta name=\"twitter:data1\" content=\"1 minute\" \/>\r\n<script type=\"application\/ld+json\" class=\"yoast-schema-graph\">{\"@context\":\"https:\\\/\\\/schema.org\",\"@graph\":[{\"@type\":\"WebPage\",\"@id\":\"https:\\\/\\\/itc-formation.org\\\/index.php\\\/about\\\/\",\"url\":\"https:\\\/\\\/itc-formation.org\\\/index.php\\\/about\\\/\",\"name\":\"Apropos - itc-formation\",\"isPartOf\":{\"@id\":\"https:\\\/\\\/itc-formation.org\\\/#website\"},\"primaryImageOfPage\":{\"@id\":\"https:\\\/\\\/itc-formation.org\\\/index.php\\\/about\\\/#primaryimage\"},\"image\":{\"@id\":\"https:\\\/\\\/itc-formation.org\\\/index.php\\\/about\\\/#primaryimage\"},\"thumbnailUrl\":\"https:\\\/\\\/itc-formation.org\\\/wp-content\\\/uploads\\\/2026\\\/04\\\/IMG_0782.JPG.jpeg\",\"datePublished\":\"2020-01-08T05:20:23+00:00\",\"dateModified\":\"2026-04-09T11:23:04+00:00\",\"breadcrumb\":{\"@id\":\"https:\\\/\\\/itc-formation.org\\\/index.php\\\/about\\\/#breadcrumb\"},\"inLanguage\":\"fr-FR\",\"potentialAction\":[{\"@type\":\"ReadAction\",\"target\":[\"https:\\\/\\\/itc-formation.org\\\/index.php\\\/about\\\/\"]}]},{\"@type\":\"ImageObject\",\"inLanguage\":\"fr-FR\",\"@id\":\"https:\\\/\\\/itc-formation.org\\\/index.php\\\/about\\\/#primaryimage\",\"url\":\"https:\\\/\\\/itc-formation.org\\\/wp-content\\\/uploads\\\/2026\\\/04\\\/IMG_0782.JPG.jpeg\",\"contentUrl\":\"https:\\\/\\\/itc-formation.org\\\/wp-content\\\/uploads\\\/2026\\\/04\\\/IMG_0782.JPG.jpeg\",\"width\":1440,\"height\":960},{\"@type\":\"BreadcrumbList\",\"@id\":\"https:\\\/\\\/itc-formation.org\\\/index.php\\\/about\\\/#breadcrumb\",\"itemListElement\":[{\"@type\":\"ListItem\",\"position\":1,\"name\":\"Home\",\"item\":\"https:\\\/\\\/itc-formation.org\\\/\"},{\"@type\":\"ListItem\",\"position\":2,\"name\":\"Apropos\"}]},{\"@type\":\"WebSite\",\"@id\":\"https:\\\/\\\/itc-formation.org\\\/#website\",\"url\":\"https:\\\/\\\/itc-formation.org\\\/\",\"name\":\"itc-formation\",\"description\":\"\",\"publisher\":{\"@id\":\"https:\\\/\\\/itc-formation.org\\\/#organization\"},\"potentialAction\":[{\"@type\":\"SearchAction\",\"target\":{\"@type\":\"EntryPoint\",\"urlTemplate\":\"https:\\\/\\\/itc-formation.org\\\/?s={search_term_string}\"},\"query-input\":{\"@type\":\"PropertyValueSpecification\",\"valueRequired\":true,\"valueName\":\"search_term_string\"}}],\"inLanguage\":\"fr-FR\"},{\"@type\":\"Organization\",\"@id\":\"https:\\\/\\\/itc-formation.org\\\/#organization\",\"name\":\"itc-formation\",\"url\":\"https:\\\/\\\/itc-formation.org\\\/\",\"logo\":{\"@type\":\"ImageObject\",\"inLanguage\":\"fr-FR\",\"@id\":\"https:\\\/\\\/itc-formation.org\\\/#\\\/schema\\\/logo\\\/image\\\/\",\"url\":\"https:\\\/\\\/itc-formation.org\\\/wp-content\\\/uploads\\\/2026\\\/04\\\/cropped-cropped-WhatsApp-Image-2026-04-04-at-12.42.19.jpeg\",\"contentUrl\":\"https:\\\/\\\/itc-formation.org\\\/wp-content\\\/uploads\\\/2026\\\/04\\\/cropped-cropped-WhatsApp-Image-2026-04-04-at-12.42.19.jpeg\",\"width\":495,\"height\":419,\"caption\":\"itc-formation\"},\"image\":{\"@id\":\"https:\\\/\\\/itc-formation.org\\\/#\\\/schema\\\/logo\\\/image\\\/\"}}]}<\/script>\r\n<!-- \/ Yoast SEO plugin. -->","yoast_head_json":{"title":"Apropos - itc-formation","robots":{"index":"noindex","follow":"follow","max-snippet":"max-snippet:-1","max-image-preview":"max-image-preview:large","max-video-preview":"max-video-preview:-1"},"og_locale":"fr_FR","og_type":"article","og_title":"Apropos - itc-formation","og_description":"Organisation Non Gouvernementale \u2014 RDC International Training Center Renforcement des capacit\u00e9s professionnelles, formation certifiante et d\u00e9veloppement communautaire en R\u00e9publique D\u00e9mocratique du Congo et \u00e0 l&rsquo;international. &hellip; Read More","og_url":"https:\/\/itc-formation.org\/index.php\/about\/","og_site_name":"itc-formation","article_modified_time":"2026-04-09T11:23:04+00:00","og_image":[{"width":1440,"height":960,"url":"https:\/\/itc-formation.org\/wp-content\/uploads\/2026\/04\/IMG_0782.JPG.jpeg","type":"image\/jpeg"}],"twitter_card":"summary_large_image","twitter_misc":{"Dur\u00e9e de lecture estim\u00e9e":"1 minute"},"schema":{"@context":"https:\/\/schema.org","@graph":[{"@type":"WebPage","@id":"https:\/\/itc-formation.org\/index.php\/about\/","url":"https:\/\/itc-formation.org\/index.php\/about\/","name":"Apropos - itc-formation","isPartOf":{"@id":"https:\/\/itc-formation.org\/#website"},"primaryImageOfPage":{"@id":"https:\/\/itc-formation.org\/index.php\/about\/#primaryimage"},"image":{"@id":"https:\/\/itc-formation.org\/index.php\/about\/#primaryimage"},"thumbnailUrl":"https:\/\/itc-formation.org\/wp-content\/uploads\/2026\/04\/IMG_0782.JPG.jpeg","datePublished":"2020-01-08T05:20:23+00:00","dateModified":"2026-04-09T11:23:04+00:00","breadcrumb":{"@id":"https:\/\/itc-formation.org\/index.php\/about\/#breadcrumb"},"inLanguage":"fr-FR","potentialAction":[{"@type":"ReadAction","target":["https:\/\/itc-formation.org\/index.php\/about\/"]}]},{"@type":"ImageObject","inLanguage":"fr-FR","@id":"https:\/\/itc-formation.org\/index.php\/about\/#primaryimage","url":"https:\/\/itc-formation.org\/wp-content\/uploads\/2026\/04\/IMG_0782.JPG.jpeg","contentUrl":"https:\/\/itc-formation.org\/wp-content\/uploads\/2026\/04\/IMG_0782.JPG.jpeg","width":1440,"height":960},{"@type":"BreadcrumbList","@id":"https:\/\/itc-formation.org\/index.php\/about\/#breadcrumb","itemListElement":[{"@type":"ListItem","position":1,"name":"Home","item":"https:\/\/itc-formation.org\/"},{"@type":"ListItem","position":2,"name":"Apropos"}]},{"@type":"WebSite","@id":"https:\/\/itc-formation.org\/#website","url":"https:\/\/itc-formation.org\/","name":"itc-formation","description":"","publisher":{"@id":"https:\/\/itc-formation.org\/#organization"},"potentialAction":[{"@type":"SearchAction","target":{"@type":"EntryPoint","urlTemplate":"https:\/\/itc-formation.org\/?s={search_term_string}"},"query-input":{"@type":"PropertyValueSpecification","valueRequired":true,"valueName":"search_term_string"}}],"inLanguage":"fr-FR"},{"@type":"Organization","@id":"https:\/\/itc-formation.org\/#organization","name":"itc-formation","url":"https:\/\/itc-formation.org\/","logo":{"@type":"ImageObject","inLanguage":"fr-FR","@id":"https:\/\/itc-formation.org\/#\/schema\/logo\/image\/","url":"https:\/\/itc-formation.org\/wp-content\/uploads\/2026\/04\/cropped-cropped-WhatsApp-Image-2026-04-04-at-12.42.19.jpeg","contentUrl":"https:\/\/itc-formation.org\/wp-content\/uploads\/2026\/04\/cropped-cropped-WhatsApp-Image-2026-04-04-at-12.42.19.jpeg","width":495,"height":419,"caption":"itc-formation"},"image":{"@id":"https:\/\/itc-formation.org\/#\/schema\/logo\/image\/"}}]}},"_links":{"self":[{"href":"https:\/\/itc-formation.org\/index.php\/wp-json\/wp\/v2\/pages\/13","targetHints":{"allow":["GET"]}}],"collection":[{"href":"https:\/\/itc-formation.org\/index.php\/wp-json\/wp\/v2\/pages"}],"about":[{"href":"https:\/\/itc-formation.org\/index.php\/wp-json\/wp\/v2\/types\/page"}],"author":[{"embeddable":true,"href":"https:\/\/itc-formation.org\/index.php\/wp-json\/wp\/v2\/users\/1"}],"replies":[{"embeddable":true,"href":"https:\/\/itc-formation.org\/index.php\/wp-json\/wp\/v2\/comments?post=13"}],"version-history":[{"count":45,"href":"https:\/\/itc-formation.org\/index.php\/wp-json\/wp\/v2\/pages\/13\/revisions"}],"predecessor-version":[{"id":896,"href":"https:\/\/itc-formation.org\/index.php\/wp-json\/wp\/v2\/pages\/13\/revisions\/896"}],"wp:featuredmedia":[{"embeddable":true,"href":"https:\/\/itc-formation.org\/index.php\/wp-json\/wp\/v2\/media\/610"}],"wp:attachment":[{"href":"https:\/\/itc-formation.org\/index.php\/wp-json\/wp\/v2\/media?parent=13"}],"curies":[{"name":"wp","href":"https:\/\/api.w.org\/{rel}","templated":true}]}}